{"id":4733,"date":"2018-02-15T14:26:53","date_gmt":"2018-02-15T13:26:53","guid":{"rendered":"http:\/\/lemesturet.com\/new\/cave-le-mesturet-paris\/"},"modified":"2024-11-12T11:45:41","modified_gmt":"2024-11-12T10:45:41","slug":"our-wines-le-mesturet-paris","status":"publish","type":"page","link":"https:\/\/www.lemesturet.com\/en\/our-wines-le-mesturet-paris\/","title":{"rendered":"Our wines"},"content":{"rendered":"<div  class=\"one fullwidth \"><link href=\"https:\/\/fonts.googleapis.com\/css?family=Kristi:400%7CLato:300%2C400\" rel=\"stylesheet\" property=\"stylesheet\" type=\"text\/css\" media=\"all\">\n<div id=\"rev_slider_8_1_wrapper\" class=\"rev_slider_wrapper fullwidthbanner-container\" data-alias=\"cave\" data-source=\"gallery\" style=\"margin:0px auto;background:#262626;padding:0px;margin-top:0px;margin-bottom:0px;\">\n<!-- START REVOLUTION SLIDER 5.4.6.3 fullwidth mode --><\/p>\n<div id=\"rev_slider_8_1\" class=\"rev_slider fullwidthabanner tp-overflow-hidden\" style=\"display:none;\" data-version=\"5.4.6.3\">\n<ul>\t<!-- SLIDE  --><\/p>\n<li data-index=\"rs-8\" data-transition=\"zoomin\" data-slotamount=\"7\" data-hideafterloop=\"0\" data-hideslideonmobile=\"off\"  data-easein=\"default\" data-easeout=\"default\" data-masterspeed=\"300\"  data-thumb=\"https:\/\/www.lemesturet.com\/wp-content\/uploads\/2018\/02\/cave-vins-mesturet-100x50.jpg\"  data-rotate=\"0\"  data-saveperformance=\"on\"  data-title=\"Slide\" data-param1=\"\" data-param2=\"\" data-param3=\"\" data-param4=\"\" data-param5=\"\" data-param6=\"\" data-param7=\"\" data-param8=\"\" data-param9=\"\" data-param10=\"\" data-description=\"\">\n\t\t<!-- MAIN IMAGE --><br \/>\n\t\t<img loading=\"lazy\" decoding=\"async\" src=\"https:\/\/www.lemesturet.com\/wp-content\/uploads\/2018\/02\/cave-vins-mesturet.jpg\"  alt=\"le mesturet\" title=\"cave-vins-mesturet\"  width=\"1800\" height=\"1196\" data-bgposition=\"center center\" data-bgfit=\"cover\" data-bgrepeat=\"no-repeat\" class=\"rev-slidebg\" data-no-retina><br \/>\n\t\t<!-- LAYERS --><\/p>\n<p>\t\t<!-- LAYER NR. 1 --><\/p>\n<div class=\"tp-caption title-first-word   tp-resizeme\" \n\t\t\t id=\"slide-8-layer-1\" \n\t\t\t data-x=\"center\" data-hoffset=\"\" \n\t\t\t data-y=\"center\" data-voffset=\"-80\" \n\t\t\t\t\t\tdata-width=\"['auto']\"\n\t\t\tdata-height=\"['auto']\"\n \n\t\t\tdata-type=\"text\" \n\t\t\tdata-responsive_offset=\"on\" \n\n\t\t\tdata-frames='[{\"delay\":450.0003051757799994447850622236728668212890625,\"speed\":300,\"frame\":\"0\",\"from\":\"opacity:0;\",\"to\":\"o:1;\",\"ease\":\"Power3.easeInOut\"},{\"delay\":\"+6249.9993896484\",\"speed\":300,\"frame\":\"999\",\"to\":\"auto:auto;\",\"ease\":\"nothing\"}]'\n\t\t\tdata-textAlign=\"['inherit','inherit','inherit','inherit']\"\n\t\t\tdata-paddingtop=\"[0,0,0,0]\"\n\t\t\tdata-paddingright=\"[0,0,0,0]\"\n\t\t\tdata-paddingbottom=\"[0,0,0,0]\"\n\t\t\tdata-paddingleft=\"[0,0,0,0]\"\n\n\t\t\tstyle=\"z-index: 5; white-space: nowrap; font-weight: 400; letter-spacing: px;\">Ma\u00eetre Restaurateur <\/div>\n<p>\t\t<!-- LAYER NR. 2 --><\/p>\n<div class=\"tp-caption title   tp-resizeme\" \n\t\t\t id=\"slide-8-layer-2\" \n\t\t\t data-x=\"center\" data-hoffset=\"\" \n\t\t\t data-y=\"center\" data-voffset=\"-20\" \n\t\t\t\t\t\tdata-width=\"['auto']\"\n\t\t\tdata-height=\"['auto']\"\n \n\t\t\tdata-type=\"text\" \n\t\t\tdata-responsive_offset=\"on\" \n\n\t\t\tdata-frames='[{\"delay\":500.0003051757799994447850622236728668212890625,\"speed\":300,\"frame\":\"0\",\"from\":\"opacity:0;\",\"to\":\"o:1;\",\"ease\":\"Power3.easeInOut\"},{\"delay\":\"+6199.9993896484\",\"speed\":300,\"frame\":\"999\",\"to\":\"auto:auto;\",\"ease\":\"nothing\"}]'\n\t\t\tdata-textAlign=\"['inherit','inherit','inherit','inherit']\"\n\t\t\tdata-paddingtop=\"[0,0,0,0]\"\n\t\t\tdata-paddingright=\"[0,0,0,0]\"\n\t\t\tdata-paddingbottom=\"[0,0,0,0]\"\n\t\t\tdata-paddingleft=\"[0,0,0,0]\"\n\n\t\t\tstyle=\"z-index: 6; white-space: nowrap; line-height: px; color: #ffffff; letter-spacing: px;\">Le<strong>Mesturet<\/strong> <\/div>\n<p>\t\t<!-- LAYER NR. 3 --><\/p>\n<div class=\"tp-caption sub-title-center   tp-resizeme\" \n\t\t\t id=\"slide-8-layer-3\" \n\t\t\t data-x=\"center\" data-hoffset=\"\" \n\t\t\t data-y=\"center\" data-voffset=\"50\" \n\t\t\t\t\t\tdata-width=\"['auto']\"\n\t\t\tdata-height=\"['auto']\"\n \n\t\t\tdata-type=\"text\" \n\t\t\tdata-responsive_offset=\"on\" \n\n\t\t\tdata-frames='[{\"delay\":500.0003051757799994447850622236728668212890625,\"speed\":300,\"frame\":\"0\",\"from\":\"opacity:0;\",\"to\":\"o:1;\",\"ease\":\"Power3.easeInOut\"},{\"delay\":\"+6199.9993896484\",\"speed\":300,\"frame\":\"999\",\"to\":\"auto:auto;\",\"ease\":\"nothing\"}]'\n\t\t\tdata-textAlign=\"['inherit','inherit','inherit','inherit']\"\n\t\t\tdata-paddingtop=\"[0,0,0,0]\"\n\t\t\tdata-paddingright=\"[0,0,0,0]\"\n\t\t\tdata-paddingbottom=\"[0,0,0,0]\"\n\t\t\tdata-paddingleft=\"[0,0,0,0]\"\n\n\t\t\tstyle=\"z-index: 7; white-space: nowrap; letter-spacing: px;\"> <\/div>\n<\/li>\n<\/ul>\n<div class=\"tp-bannertimer tp-bottom\" style=\"visibility: hidden !important;\"><\/div>\n<\/p><\/div>\n<style>.tp-caption.title-first-word,.title-first-word{font-size:60px;line-height:50px;font-family:Kristi;color:#cfa670;text-decoration:none;background-color:transparent;border-width:0px;border-color:rgb(0,0,0);border-style:none;text-shadow:none}.tp-caption.title,.title{font-size:65px;font-weight:300;font-family:Lato;color:rgb(255,255,255);text-decoration:none;background-color:transparent;border-width:0px;border-color:rgb(0,0,0);border-style:none;text-shadow:none;text-transform:uppercase;letter-spacing:-3px}.tp-caption.sub-title-center,.sub-title-center{font-size:20px;line-height:24px;font-weight:400;font-family:Lato;color:#ffffff;text-decoration:none;background-color:transparent;border-width:0px;border-color:rgb(0,0,0);border-style:none;text-shadow:none;text-transform:uppercase;letter-spacing:-1px}<\/style>\n<p>\t\t<script type=\"text\/javascript\">\nsetREVStartSize({c: jQuery('#rev_slider_8_1'), gridwidth: [1425], gridheight: [600], sliderLayout: 'auto'});<\/p>\n<p>var revapi8,\n\ttpj=jQuery;\ntpj.noConflict();\t\t\t\ntpj(document).ready(function() {\n\tif(tpj(\"#rev_slider_8_1\").revolution == undefined){\n\t\trevslider_showDoubleJqueryError(\"#rev_slider_8_1\");\n\t}else{\n\t\trevapi8 = tpj(\"#rev_slider_8_1\").show().revolution({\n\t\t\tsliderType:\"standard\",\n\t\t\tjsFileLocation:\"\/\/www.lemesturet.com\/wp-content\/plugins\/revslider\/public\/assets\/js\/\",\n\t\t\tsliderLayout:\"auto\",\n\t\t\tdottedOverlay:\"none\",\n\t\t\tdelay:7000,\n\t\t\tnavigation: {\n\t\t\t\tkeyboardNavigation:\"off\",\n\t\t\t\tkeyboard_direction: \"horizontal\",\n\t\t\t\tmouseScrollNavigation:\"off\",\n \t\t\t\t\t\t\tmouseScrollReverse:\"default\",\n\t\t\t\tonHoverStop:\"off\",\n\t\t\t\ttouch:{\n\t\t\t\t\ttouchenabled:\"on\",\n\t\t\t\t\ttouchOnDesktop:\"off\",\n\t\t\t\t\tswipe_threshold: 75,\n\t\t\t\t\tswipe_min_touches: 1,\n\t\t\t\t\tswipe_direction: \"horizontal\",\n\t\t\t\t\tdrag_block_vertical: false\n\t\t\t\t}\n\t\t\t},\n\t\t\tvisibilityLevels:[1240,1024,778,480],\n\t\t\tgridwidth:1425,\n\t\t\tgridheight:600,\n\t\t\tlazyType:\"none\",\n\t\t\tshadow:0,\n\t\t\tspinner:\"spinner3\",\n\t\t\tstopLoop:\"off\",\n\t\t\tstopAfterLoops:-1,\n\t\t\tstopAtSlide:-1,\n\t\t\tshuffle:\"off\",\n\t\t\tautoHeight:\"off\",\n\t\t\tdisableProgressBar:\"on\",\n\t\t\thideThumbsOnMobile:\"off\",\n\t\t\thideSliderAtLimit:0,\n\t\t\thideCaptionAtLimit:0,\n\t\t\thideAllCaptionAtLilmit:0,\n\t\t\tdebugMode:false,\n\t\t\tfallbacks: {\n\t\t\t\tsimplifyAll:\"off\",\n\t\t\t\tnextSlideOnWindowFocus:\"off\",\n\t\t\t\tdisableFocusListener:false,\n\t\t\t}\n\t\t});\n\t}<\/p>\n<p>});\t\/*ready*\/\n<\/script><\/p>\n<style type=\"text\/css\">\t#rev_slider_8_1_wrapper .tp-loader.spinner3{ background-color: #444444 !important; } <\/style>\n<\/div>\n<p><!-- END REVOLUTION SLIDER --><\/div>\n<div class=\"standard_wrapper\">\n<div  class=\"two_third withsmallpadding ppb_text\" style=\"padding:30px 0 30px 0;\" >\n<div class=\"standard_wrapper\">\n<div class=\"page_content_wrapper\">\n<div class=\"inner\">\n<div style=\"margin:auto;width:100%\">\n<p style=\"text-align: center;\">Owner Alain Fontaine works hard to track down wines not often seen in other Paris bars.<br \/>\n<em>\u201cParu Vendu\u201d magazine, issue 57<\/em><\/p>\n<p style=\"text-align: center;\">We\u2019re curious about every region in France. We\u2019ll take you from Alsace to central France, from Burgundy to the South-West by way of Roussillon, Bordeaux and other yet-to-be-discovered vineyards.<br \/>\n<strong>Alain Fontaine<\/strong><\/p>\n<hr \/>\n<h3><\/h3>\n<h3 style=\"text-align: center;\">Our wine list (extract)<\/h3>\n<h3><u>White wines<\/u><\/h3>\n<p>IGP C\u00f4tes de Gascogne Domaine de Mastric Petit Manseng (moelleux) 2014 (Sud Ouest)<\/p>\n<p>VDP Tourraine Sauvignon de chez Henry Marionnet 2014 (Loire)<\/p>\n<p>Gewurztraminer (bt 50 cl) Baron Kirmann Vendanges Tardives 2009 (Alsace)<\/p>\n<p>IGP de l&#8217;Ard\u00e8che Viognier &#8220;Arzelle&#8221; de chez E. Rocher 2014 (C\u00f4tes du Rh\u00f4ne)<\/p>\n<p>M\u00e2con Milly Lamartine Domaine Eloy 2014 (Bourgogne)<\/p>\n<p>Petit Chablis Domaine Jolly 2015 (Bourgogne)<\/p>\n<h3><u>Red wines<\/u><\/h3>\n<p>C\u00f4te de Brouilly Domaine du Petit Pressoir de chez Daniel Mathon 2014 (Beaujolais)<\/p>\n<p>Moulin \u00e0 Vent Cuv\u00e9e Reine de Nuit de chez Anita et Andr\u00e9 Kuhnel 2014 (Beaujolais)<\/p>\n<p>C\u00f4te Roannaise Domaine R. Serol Vieilles Vignes 2013 (Centre)<\/p>\n<p>Pic Saint Loup Ch\u00e2teau de Lascaux Cuv\u00e9e Cara 2014 (Languedoc Rousillon)<\/p>\n<p>Costi\u00e8re de Nimes Trassegun de chez Diane de Puymorin 2013 (Languedoc Rousillon)<\/p>\n<p>Chinon Cuv\u00e9e Les Galuches de chez Wilfried Rousse 2014 (Loire)<\/p>\n<p>Menetou Salon C\u00f4tes de Morogues de chez Fournier 2014 (Loire)<\/p>\n<p>Arbois Poulsard Vieilles Vignes de chez Rollet 2011 (C\u00f4te du Jura)<\/p>\n<p>C\u00f4tes du Rh\u00f4ne Villages Domaine de la Biscarelle de chez C&#038;J Grieco 2014 (C\u00f4tes du Rh\u00f4ne)<\/p>\n<p>Vacqueyras Le Sang des Cailloux, cuv\u00e9e de Lopy 2012 (C\u00f4tes du Rh\u00f4ne)<\/p>\n<p>C\u00f4te Chalonnaise Givry de chez J. Drouhin 2013 (Bourgogne)<\/p>\n<p>C\u00f4teaux du Quercy Domaine de La Garde de chez J.J. Bousquet 2009 (Sud Ouest)<\/p>\n<p>Madiran Chappelle Lenclos de chez Patrick Ducournau 2010 (Sud Ouest)<\/p>\n<p>Bordeaux Sup\u00e9rieur Domaine des Collines de chez P. et V. Mazi\u00e8res 2009 (Bordeaux)<\/p>\n<p>Graves Clos Le Comte de chez J-M Lecomte Cuv\u00e9e &#8220;Elsa&#8221; 2012 (Bordeaux)<\/p>\n<\/div>\n<\/div>\n<\/div>\n<\/div>\n<\/div>\n<\/div>\n<div class=\"standard_wrapper\">\n<div  class=\"one_third last withsmallpadding ppb_text\" style=\"background:#fff; border:1px solid #bebf00;padding:30px 0 30px 0;\" >\n<div class=\"standard_wrapper\">\n<div class=\"page_content_wrapper\">\n<div class=\"inner\">\n<div style=\"margin:auto;width:100%\">\n<div style=\"padding: 0 20px 20px 20px;\">\n<h4><a class=\"btn-reserver\" href=\"http:\/\/app.menu.du-jour.fr\/venue\/18686?action=book\" target=\"_blank\" rel=\"noopener\">BOOK YOUR TABLE<\/a><\/h4>\n<p><strong>WELCOME TO MESTURET!<\/strong>\u00a0<strong>We are open 7 days a week at the following times:<\/strong><\/p>\n<p>Monday to Friday: 7:30 a.m. to 11:00 p.m.* (reception of the last customers)<\/p>\n<p>Saturday to Sunday: 9:00 a.m. to 11:00 p.m.* (reception of the last customers)<\/p>\n<p>(*last orders)<\/p>\n<p>\u00a0<\/p>\n<\/div>\n<\/div>\n<\/div>\n<\/div>\n<\/div>\n<\/div>\n<\/div>\n<div  class=\"one\" style=\"padding:30px 0 30px 0;\" >\n<div class=\"slider_wrapper\" style=\"height:550px;\">\n<div class=\"flexslider tg_gallery\" data-height=\"550\">\n<ul class=\"slides\">\n<li><img decoding=\"async\" src=\"https:\/\/www.lemesturet.com\/wp-content\/uploads\/2018\/02\/le-mesturet-1.jpg\" alt=\"\" style=\"width:100%;\"\/>\n<div class=\"gallery_image_caption\">\n<h2><\/h2>\n<\/div>\n<\/li>\n<li><img decoding=\"async\" src=\"https:\/\/www.lemesturet.com\/wp-content\/uploads\/2018\/02\/le-mesturet-3.jpg\" alt=\"\" style=\"width:100%;\"\/>\n<div class=\"gallery_image_caption\">\n<h2><\/h2>\n<\/div>\n<\/li>\n<li><img decoding=\"async\" src=\"https:\/\/www.lemesturet.com\/wp-content\/uploads\/2018\/02\/aubergine.jpg\" alt=\"\" style=\"width:100%;\"\/>\n<div class=\"gallery_image_caption\">\n<h2><\/h2>\n<\/div>\n<\/li>\n<li><img decoding=\"async\" src=\"https:\/\/www.lemesturet.com\/wp-content\/uploads\/2018\/02\/A\u00efoli.jpg\" alt=\"\" style=\"width:100%;\"\/>\n<div class=\"gallery_image_caption\">\n<h2><\/h2>\n<\/div>\n<\/li>\n<li><img decoding=\"async\" src=\"https:\/\/www.lemesturet.com\/wp-content\/uploads\/2018\/02\/Blanquette.jpg\" alt=\"\" style=\"width:100%;\"\/>\n<div class=\"gallery_image_caption\">\n<h2><\/h2>\n<\/div>\n<\/li>\n<li><img decoding=\"async\" src=\"https:\/\/www.lemesturet.com\/wp-content\/uploads\/2018\/02\/AntoniaTorres_Mesturet-4.jpg\" alt=\"\" style=\"width:100%;\"\/>\n<div class=\"gallery_image_caption\">\n<h2><\/h2>\n<\/div>\n<\/li>\n<li><img decoding=\"async\" src=\"https:\/\/www.lemesturet.com\/wp-content\/uploads\/2018\/02\/AntoniaTorres_Mesturet-12.jpg\" alt=\"\" style=\"width:100%;\"\/>\n<div class=\"gallery_image_caption\">\n<h2><\/h2>\n<\/div>\n<\/li>\n<li><img decoding=\"async\" src=\"https:\/\/www.lemesturet.com\/wp-content\/uploads\/2018\/02\/Brandade-de-morue.jpg\" alt=\"\" style=\"width:100%;\"\/>\n<div class=\"gallery_image_caption\">\n<h2><\/h2>\n<\/div>\n<\/li>\n<li><img decoding=\"async\" src=\"https:\/\/www.lemesturet.com\/wp-content\/uploads\/2018\/02\/Foie-gras.jpg\" alt=\"\" style=\"width:100%;\"\/>\n<div class=\"gallery_image_caption\">\n<h2><\/h2>\n<\/div>\n<\/li>\n<li><img decoding=\"async\" src=\"https:\/\/www.lemesturet.com\/wp-content\/uploads\/2018\/02\/Cheesecake.jpg\" alt=\"\" style=\"width:100%;\"\/>\n<div class=\"gallery_image_caption\">\n<h2>le mesturet<\/h2>\n<\/div>\n<\/li>\n<li><img decoding=\"async\" src=\"https:\/\/www.lemesturet.com\/wp-content\/uploads\/2018\/02\/tartare-de-boeuf-au-couteau_2012.jpg\" alt=\"\" style=\"width:100%;\"\/>\n<div class=\"gallery_image_caption\">\n<h2><\/h2>\n<\/div>\n<\/li>\n<li><img decoding=\"async\" src=\"https:\/\/www.lemesturet.com\/wp-content\/uploads\/2018\/02\/Paris-Brest.jpg\" alt=\"\" style=\"width:100%;\"\/>\n<div class=\"gallery_image_caption\">\n<h2><\/h2>\n<\/div>\n<\/li>\n<li><img decoding=\"async\" src=\"https:\/\/www.lemesturet.com\/wp-content\/uploads\/2018\/02\/Velout\u00e9-potimarron.jpg\" alt=\"\" style=\"width:100%;\"\/>\n<div class=\"gallery_image_caption\">\n<h2><\/h2>\n<\/div>\n<\/li>\n<\/ul>\n<\/div>\n<\/div>\n<\/div>\n","protected":false},"excerpt":{"rendered":"<p>Ma\u00eetre Restaurateur LeMesturet Owner Alain Fontaine works hard to track down wines not often seen in other Paris bars. \u201cParu Vendu\u201d magazine, issue 57 We\u2019re curious about every region in France. We\u2019ll take you from Alsace to central France, from [&hellip;]<\/p>\n","protected":false},"author":1,"featured_media":0,"parent":0,"menu_order":0,"comment_status":"open","ping_status":"open","template":"","meta":{"footnotes":""},"class_list":["post-4733","page","type-page","status-publish","hentry"],"_links":{"self":[{"href":"https:\/\/www.lemesturet.com\/en\/wp-json\/wp\/v2\/pages\/4733","targetHints":{"allow":["GET"]}}],"collection":[{"href":"https:\/\/www.lemesturet.com\/en\/wp-json\/wp\/v2\/pages"}],"about":[{"href":"https:\/\/www.lemesturet.com\/en\/wp-json\/wp\/v2\/types\/page"}],"author":[{"embeddable":true,"href":"https:\/\/www.lemesturet.com\/en\/wp-json\/wp\/v2\/users\/1"}],"replies":[{"embeddable":true,"href":"https:\/\/www.lemesturet.com\/en\/wp-json\/wp\/v2\/comments?post=4733"}],"version-history":[{"count":24,"href":"https:\/\/www.lemesturet.com\/en\/wp-json\/wp\/v2\/pages\/4733\/revisions"}],"predecessor-version":[{"id":7137,"href":"https:\/\/www.lemesturet.com\/en\/wp-json\/wp\/v2\/pages\/4733\/revisions\/7137"}],"wp:attachment":[{"href":"https:\/\/www.lemesturet.com\/en\/wp-json\/wp\/v2\/media?parent=4733"}],"curies":[{"name":"wp","href":"https:\/\/api.w.org\/{rel}","templated":true}]}}